{"id":684,"date":"2014-10-02T14:09:37","date_gmt":"2014-10-02T14:09:37","guid":{"rendered":"https:\/\/pomonadalen.se\/contact"},"modified":"2026-04-20T12:52:34","modified_gmt":"2026-04-20T12:52:34","slug":"contact","status":"publish","type":"page","link":"https:\/\/pomonadalen.se\/en\/contact\/","title":{"rendered":"Contact"},"content":{"rendered":"\t\t<div data-elementor-type=\"wp-page\" data-elementor-id=\"684\" class=\"elementor elementor-684 elementor-147\">\n\t\t\t\t<div class=\"elementor-element elementor-element-17d63719 e-flex e-con-boxed e-con e-parent\" data-id=\"17d63719\" data-element_type=\"container\" data-e-type=\"container\">\n\t\t\t\t\t<div class=\"e-con-inner\">\n\t\t\t\t<div class=\"elementor-element elementor-element-174eb78 elementor-position-left elementor-vertical-align-top elementor-widget elementor-widget-image-box\" data-id=\"174eb78\" data-element_type=\"widget\" data-e-type=\"widget\" data-widget_type=\"image-box.default\">\n\t\t\t\t\t<div class=\"elementor-image-box-wrapper\"><figure class=\"elementor-image-box-img\"><img fetchpriority=\"high\" decoding=\"async\" width=\"300\" height=\"200\" src=\"https:\/\/pomonadalen.se\/wp-content\/uploads\/2017\/10\/IMG_4504-300x200.jpg\" class=\"attachment-medium size-medium wp-image-1214\" alt=\"\" srcset=\"https:\/\/pomonadalen.se\/wp-content\/uploads\/2017\/10\/IMG_4504-300x200.jpg 300w, https:\/\/pomonadalen.se\/wp-content\/uploads\/2017\/10\/IMG_4504-768x512.jpg 768w, https:\/\/pomonadalen.se\/wp-content\/uploads\/2017\/10\/IMG_4504-1024x683.jpg 1024w, https:\/\/pomonadalen.se\/wp-content\/uploads\/2017\/10\/IMG_4504-120x80.jpg 120w, https:\/\/pomonadalen.se\/wp-content\/uploads\/2017\/10\/IMG_4504.jpg 1500w\" sizes=\"(max-width: 300px) 100vw, 300px\" \/><\/figure><div class=\"elementor-image-box-content\"><h3 class=\"elementor-image-box-title\">Thilde H\u00f6\u00f6k, Pomonadalen<\/h3><p class=\"elementor-image-box-description\">Brant\u00e5sv\u00e4gen 10\n272 95 Simrishamn<br>Mobile phone: +46 (0)70-1720493<br><br>Email: info@pomonadalen.se<\/p><\/div><\/div>\t\t\t\t<\/div>\n\t\t\t\t\t<\/div>\n\t\t\t\t<\/div>\n\t\t<div class=\"elementor-element elementor-element-77a53a7 e-flex e-con-boxed e-con e-parent\" data-id=\"77a53a7\" data-element_type=\"container\" data-e-type=\"container\">\n\t\t\t\t\t<div class=\"e-con-inner\">\n\t\t\t\t<div class=\"elementor-element elementor-element-4c656eb1 elementor-widget__width-initial elementor-widget elementor-widget-text-editor\" data-id=\"4c656eb1\" data-element_type=\"widget\" data-e-type=\"widget\" data-widget_type=\"text-editor.default\">\n\t\t\t\t\t\t\t\t\t<p style=\"text-align: left;\">\n<div class=\"wpcf7 no-js\" id=\"wpcf7-f759-o1\" lang=\"en-US\" dir=\"ltr\" data-wpcf7-id=\"759\">\n<div class=\"screen-reader-response\"><p role=\"status\" aria-live=\"polite\" aria-atomic=\"true\"><\/p> <ul><\/ul><\/div>\n<form action=\"\/en\/wp-json\/wp\/v2\/pages\/684#wpcf7-f759-o1\" method=\"post\" class=\"wpcf7-form init\" aria-label=\"Contact form\" novalidate=\"novalidate\" data-status=\"init\">\n<fieldset class=\"hidden-fields-container\"><input type=\"hidden\" name=\"_wpcf7\" value=\"759\" \/><input type=\"hidden\" name=\"_wpcf7_version\" value=\"6.1.5\" \/><input type=\"hidden\" name=\"_wpcf7_locale\" value=\"en_US\" \/><input type=\"hidden\" name=\"_wpcf7_unit_tag\" value=\"wpcf7-f759-o1\" \/><input type=\"hidden\" name=\"_wpcf7_container_post\" value=\"0\" \/><input type=\"hidden\" name=\"_wpcf7_posted_data_hash\" value=\"\" \/><input type=\"hidden\" name=\"_wpcf7_recaptcha_response\" value=\"\" \/>\n<\/fieldset>\n<p><label> Your name<br \/>\n<span class=\"wpcf7-form-control-wrap\" data-name=\"your-name\"><input size=\"40\" maxlength=\"400\" class=\"wpcf7-form-control wpcf7-text wpcf7-validates-as-required\" autocomplete=\"name\" aria-required=\"true\" aria-invalid=\"false\" value=\"\" type=\"text\" name=\"your-name\" \/><\/span> <\/label>\n<\/p>\n<p><label> Your email<br \/>\n<span class=\"wpcf7-form-control-wrap\" data-name=\"your-email\"><input size=\"40\" maxlength=\"400\" class=\"wpcf7-form-control wpcf7-email wpcf7-validates-as-required wpcf7-text wpcf7-validates-as-email\" autocomplete=\"email\" aria-required=\"true\" aria-invalid=\"false\" value=\"\" type=\"email\" name=\"your-email\" \/><\/span> <\/label>\n<\/p>\n<p><label> Subject<br \/>\n<span class=\"wpcf7-form-control-wrap\" data-name=\"your-subject\"><input size=\"40\" maxlength=\"400\" class=\"wpcf7-form-control wpcf7-text wpcf7-validates-as-required\" aria-required=\"true\" aria-invalid=\"false\" value=\"\" type=\"text\" name=\"your-subject\" \/><\/span> <\/label>\n<\/p>\n<p><label> Your message<br \/>\n<span class=\"wpcf7-form-control-wrap\" data-name=\"your-message\"><textarea cols=\"40\" rows=\"10\" maxlength=\"2000\" class=\"wpcf7-form-control wpcf7-textarea\" aria-invalid=\"false\" name=\"your-message\"><\/textarea><\/span> <\/label>\n<\/p>\n<p><input class=\"wpcf7-form-control wpcf7-submit has-spinner\" type=\"submit\" value=\"Send\" \/><br \/>\n<div class=\"wpcf7-turnstile cf-turnstile\" data-sitekey=\"0x4AAAAAAConcdfCpIuQvABi\" data-response-field-name=\"_wpcf7_turnstile_response\"><\/div><br \/>\n<script>\n document.addEventListener( 'wpcf7mailsent', function( event ) {\n document.querySelectorAll(\"form.wpcf7-form > :not(.wpcf7-response-output)\").forEach(el => {\n el.style.display = 'none';\n });\n }, false );\n<\/script>\n<\/p><p style=\"display: none !important;\" class=\"akismet-fields-container\" data-prefix=\"_wpcf7_ak_\"><label>&#916;<textarea name=\"_wpcf7_ak_hp_textarea\" cols=\"45\" rows=\"8\" maxlength=\"100\"><\/textarea><\/label><input type=\"hidden\" id=\"ak_js_1\" name=\"_wpcf7_ak_js\" value=\"162\"\/><script type=\"text\/javascript\">\n\/* <![CDATA[ *\/\ndocument.getElementById( \"ak_js_1\" ).setAttribute( \"value\", ( new Date() ).getTime() );\n\/* ]]> *\/\n<\/script>\n<\/p><div class=\"wpcf7-response-output\" aria-hidden=\"true\"><\/div>\n<\/form>\n<\/div>\n<\/p>\t\t\t\t\t\t\t\t<\/div>\n\t\t\t\t\t<\/div>\n\t\t\t\t<\/div>\n\t\t\t\t<\/div>\n\t\t","protected":false},"excerpt":{"rendered":"<p>Thilde H\u00f6\u00f6k, Pomonadalen Brant\u00e5sv\u00e4gen 10 272 95 SimrishamnMobile phone: +46 (0)70-1720493 Email: info@pomonadalen.se<\/p>\n","protected":false},"author":1,"featured_media":0,"parent":0,"menu_order":0,"comment_status":"closed","ping_status":"closed","template":"","meta":{"footnotes":""},"class_list":["post-684","page","type-page","status-publish","hentry","entry"],"_links":{"self":[{"href":"https:\/\/pomonadalen.se\/en\/wp-json\/wp\/v2\/pages\/684","targetHints":{"allow":["GET"]}}],"collection":[{"href":"https:\/\/pomonadalen.se\/en\/wp-json\/wp\/v2\/pages"}],"about":[{"href":"https:\/\/pomonadalen.se\/en\/wp-json\/wp\/v2\/types\/page"}],"author":[{"embeddable":true,"href":"https:\/\/pomonadalen.se\/en\/wp-json\/wp\/v2\/users\/1"}],"replies":[{"embeddable":true,"href":"https:\/\/pomonadalen.se\/en\/wp-json\/wp\/v2\/comments?post=684"}],"version-history":[{"count":17,"href":"https:\/\/pomonadalen.se\/en\/wp-json\/wp\/v2\/pages\/684\/revisions"}],"predecessor-version":[{"id":1231,"href":"https:\/\/pomonadalen.se\/en\/wp-json\/wp\/v2\/pages\/684\/revisions\/1231"}],"wp:attachment":[{"href":"https:\/\/pomonadalen.se\/en\/wp-json\/wp\/v2\/media?parent=684"}],"curies":[{"name":"wp","href":"https:\/\/api.w.org\/{rel}","templated":true}]}}